{"id":22,"date":"2016-03-05T23:08:52","date_gmt":"2016-03-05T23:08:52","guid":{"rendered":"http:\/\/www.ecologia.polimi.it\/?page_id=22"},"modified":"2017-03-05T14:59:28","modified_gmt":"2017-03-05T14:59:28","slug":"esame","status":"publish","type":"page","link":"https:\/\/www.ecologia.polimi.it\/it\/old\/ecoiat\/esame\/","title":{"rendered":"Esame"},"content":{"rendered":"<div class=\"content\">\n<ul>\n<li>Il programma del corso \u00e8 suddiviso in due parti (Parte A e Parte B) ciascuna delle quali consta di lezioni, esercitazioni e laboratori. La prima prova in itinere \u00e8 relativa alla Parte A. La seconda prova in itinere \u00e8 relativa alla Parte B. Ciascuna delle due prove \u00e8 composta di domande riguardanti la teoria presentata a lezione, problemi del tenore di quelli visti ad esercitazione oppure in laboratorio. La prova dura solitamente 2 ore e ha un voto massimo pari a 33.<\/li>\n<li>Sono disponibili\u00a0<strong>solo durante il corso<\/strong>\u00a0eventuali altri 2 punti premio per persona assegnati per interventi particolarmente brillanti durante le lezioni a discrezione del docente o dell&#8217;esercitatore. Per ottenere tali punti \u00e8 cruciale inviare una e-mail al docente tramite il seguente\u00a0<a href=\"mailto:?Subject=[Punto%20Premio%20EcoIAT@PoliMI-2017]%20Cognome%20Nome&#038;body=Inserire qui la lezione durante la quale e' stato meritato il punto premio e il motivo dell'assegnazione...\">link<\/a>\u00a0entro <b>due giorni<\/b> dalla lezione aggiungendo al\u00a0<em>subject<\/em>\u00a0predisposto il proprio nome e cognome e indicando chiaramente, oltre alla data della lezione, anche il motivo per il quale il punto premio &egrave; stato assegnato.<\/li>\n<li>Tutte le prove sono\u00a0<strong>di norma<\/strong>scritte\u00a0e si svolgono senza libri o appunti. Il docente si riserva tuttavia di svolgere la prova integralmente in forma orale, oppure di verificare la preparazione di alcuni studenti, segnatamente di coloro che siano al limite della sufficienza o prossimi alla lode, tramite colloqui orali. In questo caso, gli studenti interessati saranno avvisati all&#8217;atto della comunicazione dei voti.<\/li>\n<li>Per superare l&#8217;esame tramite le prove in itinere \u00e8 necessario ottenere:\n<ul>\n<li>Almeno 8 nella prova relativa alla Parte A<\/li>\n<li>Almeno 8 nella prova relativa alla Parte B<\/li>\n<li>Almeno 18 come punteggio complessivo, risultante dalla somma tra la media algebrica dei punti ottenuti durante le prove in itinere ed eventuali punti premio. Si precisa che i punti premio non possono concorrere al conseguimento della sufficienza, ma solo aggiunti come premio, appunto.<\/li>\n<\/ul>\n<\/li>\n<li>Chi non superasse le prove in itinere o non fosse soddisfatto dei voti ottenuti, deve presentarsi ad uno degli appelli d&#8217;esame. Non \u00e8 possibile recuperare solo una parte del corso.<\/li>\n<li>In accordo alle regole di registrazione informatizzata dei voti predisposte dall&#8217;Ateneo, chi ha superato positivamente l&#8217;esame potr\u00e0 rinunciare al voto solo seguendo le procedure automatizzate. Altrimenti, il voto ottenuto sar\u00e0 verbalizzato.<\/li>\n<li>Per partecipare a qualsiasi appello\u00a0<strong>\u00e8 obbligatorio<\/strong>\u00a0iscriversi tramite i sistemi informatici preposti ed entro i termini stabiliti. Il docente\u00a0non autorizza\u00a0la partecipazione alla prova d&#8217;esame di studenti che non risultino formalmente iscritti all&#8217;esame.<\/li>\n<li>\u00c8 particolarmente importante che i contatti e-mail e telefonico forniti da ogni studente ai Servizi Generali sia valido e in uso: tutte le variazioni dell&#8217;ultim&#8217;ora relative alle prove d&#8217;esame e la comunicazione dei voti conseguiti verranno infatti comunicate esclusivamente tramite quel contatto. Per un miglior riconoscimento degli studenti, \u00e8 gradito che ciascuno inserisca anche una propria fotografia nel portale.<\/li>\n<li>Chi non abbia superato l&#8217;esame entro l&#8217;ultimo appello di febbraio risulter\u00e0 respinto.<\/li>\n<\/ul>\n<\/div>\n","protected":false},"excerpt":{"rendered":"<p>Il programma del corso \u00e8 suddiviso in due parti (Parte A e Parte B) ciascuna delle quali consta di lezioni, esercitazioni e laboratori. La prima prova in itinere \u00e8 relativa alla Parte A. La seconda prova in itinere \u00e8 relativa alla Parte B. Ciascuna delle due prove \u00e8 composta di domande riguardanti la teoria presentata&hellip; <br \/> <a class=\"read-more\" href=\"https:\/\/www.ecologia.polimi.it\/it\/old\/ecoiat\/esame\/\">Leggi tutto<\/a><\/p>","protected":false},"author":2,"featured_media":0,"parent":11,"menu_order":5,"comment_status":"closed","ping_status":"closed","template":"","meta":{"two_page_speed":[],"footnotes":""},"class_list":["post-22","page","type-page","status-publish","hentry"],"_links":{"self":[{"href":"https:\/\/www.ecologia.polimi.it\/it\/wp-json\/wp\/v2\/pages\/22","targetHints":{"allow":["GET"]}}],"collection":[{"href":"https:\/\/www.ecologia.polimi.it\/it\/wp-json\/wp\/v2\/pages"}],"about":[{"href":"https:\/\/www.ecologia.polimi.it\/it\/wp-json\/wp\/v2\/types\/page"}],"author":[{"embeddable":true,"href":"https:\/\/www.ecologia.polimi.it\/it\/wp-json\/wp\/v2\/users\/2"}],"replies":[{"embeddable":true,"href":"https:\/\/www.ecologia.polimi.it\/it\/wp-json\/wp\/v2\/comments?post=22"}],"version-history":[{"count":6,"href":"https:\/\/www.ecologia.polimi.it\/it\/wp-json\/wp\/v2\/pages\/22\/revisions"}],"predecessor-version":[{"id":1037,"href":"https:\/\/www.ecologia.polimi.it\/it\/wp-json\/wp\/v2\/pages\/22\/revisions\/1037"}],"up":[{"embeddable":true,"href":"https:\/\/www.ecologia.polimi.it\/it\/wp-json\/wp\/v2\/pages\/11"}],"wp:attachment":[{"href":"https:\/\/www.ecologia.polimi.it\/it\/wp-json\/wp\/v2\/media?parent=22"}],"curies":[{"name":"wp","href":"https:\/\/api.w.org\/{rel}","templated":true}]}}