{"id":1928,"date":"2018-06-23T16:43:50","date_gmt":"2018-06-23T16:43:50","guid":{"rendered":"http:\/\/www.ecologia.polimi.it\/?page_id=1928"},"modified":"2019-03-04T14:34:56","modified_gmt":"2019-03-04T14:34:56","slug":"ecologia-superold","status":"publish","type":"page","link":"https:\/\/www.ecologia.polimi.it\/it\/courses\/ecologia-superold\/","title":{"rendered":"Ecologia &#8211; 2018"},"content":{"rendered":"<p>[:en]<\/p>\n<div class=\"cnt odd\">\n<h2 class=\"title\" style=\"text-align: left;\">informazioni essenziali<\/h2>\n<ul style=\"text-align: left;\">\n<li>Anno Accademico: 2017\/2018, II semestre<\/li>\n<li>Studenti: Ingegneri Ambientali (II anno)<\/li>\n<li>Crediti: 8 (Codice PoliMI 097705)<\/li>\n<li>Settore Scientifico Disciplinare: <a href=\"http:\/\/www.miur.it\/UserFiles\/116.htm\" rel=\"nofollow\">BIO\/07 &#8211; Ecologia<\/a><\/li>\n<li><em>Lezioni<\/em> a cura di <a href=\"http:\/\/www.ecologia.polimi.it\/casagrandi\" rel=\"nofollow\">Renato Casagrandi<\/a><\/li>\n<li><em>Lezioni invitate<\/em> (Proff. Stefano Caserini e Roberta Bettinetti)<\/li>\n<li><em>Esercitazioni<\/em> a cura di <a href=\"http:\/\/www.deib.polimi.it\/ita\/personale\/dettagli\/757040\" rel=\"nofollow\">Mattia Pancerasa<\/a> e Alba Bernini<\/li>\n<li><em>EcoLAB<\/em> a cura di Rossano Bolpagni, Alba Bernini, Gianni Manfredini e Federica Guerrini<\/li>\n<\/ul>\n<p style=\"text-align: left;\"><a class=\"slider_button\" href=\"\/courses\/ecologia\/documenti\">Scarica le slides e altro materiale<\/a><\/p>\n<\/div>\n<div class=\"cnt even\" style=\"text-align: left;\">\n<h2>orari<\/h2>\n<p>Le <strong>lezioni<\/strong> e le <strong>esercitazioni<\/strong> si svolgono di<\/p>\n<ul>\n<li>Lunedi, generalmente dalle 9.<strong>30<\/strong> alle 12.<strong>30<\/strong> in aula <a href=\"https:\/\/goo.gl\/D5P2Yc\" rel=\"nofollow\">L.26.13<\/a><\/li>\n<li>Marted\u00ec dalle 10.<strong>30<\/strong> alle 12.<strong>30<\/strong> in aula <a href=\"https:\/\/goo.gl\/BTSIOK\" rel=\"nofollow\">D.1.2<\/a><\/li>\n<li>Gioved\u00ec dalle 10.<strong>30<\/strong> alle 12.<strong>30<\/strong> in aula <a href=\"https:\/\/goo.gl\/3t2m3Y\" rel=\"nofollow\">C.E.1<\/a><\/li>\n<\/ul>\n<p>Le attivit\u00e0 di <strong>laboratorio<\/strong> hanno luogo invece della lezione\/esercitazione del <strong>luned\u00ec<\/strong> dalle 09.<strong>30<\/strong> alle 12.<strong>30<\/strong>, generalmente in aula <a href=\"https:\/\/goo.gl\/D5P2Yc\" rel=\"nofollow\">L.26.13<\/a> per i laboratori informatici e in spazi segnalati per tempo per altre attivit\u00e0 sperimentali e di campo.<\/p>\n<\/div>\n<div class=\"cnt odd\" style=\"text-align: left;\">\n<h2>calendario delle attivit\u00e0<\/h2>\n<p><iframe loading=\"lazy\" style=\"border: 0;\" src=\"https:\/\/calendar.google.com\/calendar\/embed?src=fqvm7ealdarurmj9u60kbrqap0%40group.calendar.google.com&amp;ctz=Europe%2FRome\" width=\"800\" height=\"600\" frameborder=\"0\" scrolling=\"no\"><\/iframe><\/p>\n<\/div>\n<div class=\"cnt even\" style=\"text-align: left;\">\n<h2>ricevimento studenti<\/h2>\n<p>Il ricevimento avviene <strong>solo su appuntamento<\/strong>, da richiedere via <a href=\"mailto:?subject=[Appuntamento%20Ecologia-IAT-2018]%20Cognome%20e%20Nome&amp;body=Inserire qui il testo di richiesta dell'appuntamento...\">e-mail<\/a> entro il marted\u00ec della settimana precedente. Gli studenti saranno ricevuti tendenzialmente il gioved\u00ec pomeriggio dalle 13.30 alle 15.30 nell&#8217;ufficio del docente (stanza 233), al secondo piano dell&#8217;Ed. 20, <a href=\"http:\/\/www.deib.polimi.it\" rel=\"nofollow\">Dipartimento di Elettronica, Informazione e Bioingegneria<\/a>. In caso di indisponibilit\u00e0 verr\u00e0 offerta una data alternativa.<\/p>\n<\/div>\n<div class=\"cnt odd\" style=\"text-align: left;\">\n<h2>programma<\/h2>\n<p><strong>parte A<\/strong><\/p>\n<ul>\n<li>Introduzione: scopi e ambiti dell&#8217;ecologia, importanza dell&#8217;approccio ecologico nello studio dei problemi ambientali. Alcuni esempi di problematiche ecologiche di rilevanza internazionale.<\/li>\n<li>Nozioni di biologia di base. Il concetto di ecosistema: analisi di alcuni semplici esempi. Processi fondamentali negli ecosistemi: produzione primaria e secondaria, efficienza ecologica.<\/li>\n<li>Elementi di ecologia delle popolazioni. Crescita maltusiana: parametri demografici significativi e loro stima. Popolazioni strutturate per et\u00e0 o per taglia. Fattori limitanti la crescita di una popolazione: competizione intraspecifica e crescita logistica.<\/li>\n<li>Reti trofiche e piramidi energetiche: approccio funzionalistico allo studio degli ecosistemi<\/li>\n<\/ul>\n<p><strong>parte B<\/strong><\/p>\n<ul>\n<li>Approccio popolazionistico alle interazioni trofiche fra popolazioni. Meccanismi di consumo di risorse limitanti e modelli di predazione. Bioaccumulo e biomagnificazione.<\/li>\n<li>Competizione interspecifica per interferenza e per sfruttamento di risorse comuni.<\/li>\n<li>Principali cicli biogeochimici, elementi di geografia fisica e cambiamento climatico.<\/li>\n<li>Biodiversit\u00e0: indici di misura e gradienti geografici. Biogeografia delle isole e frammentazione degli habitat<\/li>\n<\/ul>\n<\/div>\n<div class=\"cnt even\" style=\"text-align: left;\">\n<h2>Materiale didattico<\/h2>\n<p>I testi di supporto per il corso sono i seguenti:<\/p>\n<ul>\n<li>M. Gatto e R. Casagrandi (2003). <a href=\"http:\/\/olmo.elet.polimi.it\/ecologia\/dispensa\/index.html\" target=\"_blank\" rel=\"nofollow noopener\">Dispense del corso di Ecologia<\/a>. Una copia cartacea delle dispense \u00e8 disponibile presso la copisteria Copy Center di Via Antonio Bazzini 2<\/li>\n<li>R. Casagrandi, G. A. De Leo e M. Gatto (2002). <strong><a href=\"http:\/\/www.catalogo.mcgraw-hill.it\/catLibro.asp?item_id=1260\" target=\"_blank\" rel=\"nofollow noopener\">101 problemi di ecologia<\/a><\/strong>. <a href=\"http:\/\/www.mcgraw-hill.it\/\" target=\"_blank\" rel=\"nofollow noopener\">McGraw Hill<\/a>, (ISBN: 88 386 6041-7). Il libro \u00e8 acquistabile <a href=\"http:\/\/www.ilovebooks.it\/problemi-ecologia-p-2107.html\" rel=\"nofollow\">on demand<\/a>.<\/li>\n<li>Saranno disponibili, aggiornate appena prima di ogni lezione, anche le copie delle <em>slides<\/em> utilizzate in aula. Si vedano gli orari per l&#8217;organizzazione temporale delle lezioni e alla voce <a href=\"http:\/\/www.ecologia.polimi.it\/area-riservata\/ecologia-iat\/\">lucidi<\/a> per i files e gli approfondimenti.<\/li>\n<li>Prototipi di esame: ecco i testi della <a href=\"http:\/\/www.ecologia.polimi.it\/wp-content\/uploads\/data\/pubblica-prima-prova_2017.pdf\">prima<\/a> e della <a href=\"http:\/\/www.ecologia.polimi.it\/wp-content\/uploads\/data\/prototipo_A.pdf\">seconda<\/a> prova in itinere dell&#8217;A.A 2000\/2001<\/li>\n<\/ul>\n<\/div>\n<div class=\"cnt odd\" style=\"text-align: left;\">\n<h2>ecoLAB<\/h2>\n<p>Il materiale e le indicazioni circa lo svolgimento dei laboratori nel corso saranno pubblicati qui<\/p>\n<\/div>\n<div class=\"cnt even\" style=\"text-align: left;\">\n<h2 style=\"text-align: left;\">modalit\u00e0 d&#8217;esame<\/h2>\n<ul>\n<li>Il programma del corso \u00e8 suddiviso in due parti (Parte A e Parte B) ciascuna delle quali consta di lezioni, esercitazioni e laboratori. La prima prova in itinere \u00e8 relativa alla Parte A. La seconda prova in itinere \u00e8 relativa alla Parte B. Ciascuna delle due prove \u00e8 composta di domande riguardanti la teoria presentata a lezione, problemi del tenore di quelli visti ad esercitazione oppure in laboratorio. La prova dura solitamente 2 ore e ha un voto massimo pari a 33.<\/li>\n<li>Sono disponibili <strong>solo durante il corso<\/strong> eventuali altri 2 punti premio per persona assegnati per interventi particolarmente brillanti durante le lezioni a discrezione del docente o dell&#8217;esercitatore. Per ottenere tali punti \u00e8 cruciale inviare una e-mail al docente tramite il seguente <a href=\"mailto:?Subject=[Punto%20Premio%20EcoIAT@PoliMI-2018]%20Cognome%20Nome&amp;body=Inserire qui la lezione durante la quale \u00e8 stato meritato il punto premio e il motivo dell'assegnazione...\">link<\/a> entro <b>due giorni<\/b> dalla lezione aggiungendo al <em>subject<\/em> predisposto il proprio nome e cognome e indicando chiaramente, oltre alla data della lezione, anche il motivo per il quale il punto premio \u00e8 stato assegnato.<\/li>\n<li>Tutte le prove sono <strong>di norma\u00a0<\/strong>scritte e si svolgono senza libri o appunti. Il docente si riserva tuttavia di svolgere la prova integralmente in forma orale, oppure di verificare la preparazione di alcuni studenti, segnatamente di coloro che siano al limite della sufficienza o prossimi alla lode, tramite colloqui orali. In questo caso, gli studenti interessati saranno avvisati all&#8217;atto della comunicazione dei voti.<\/li>\n<li>Per superare l&#8217;esame tramite le prove in itinere \u00e8 necessario ottenere:\n<ul>\n<li>Almeno 8 nella prova relativa alla Parte A<\/li>\n<li>Almeno 8 nella prova relativa alla Parte B<\/li>\n<li>Almeno 18 come punteggio complessivo, risultante dalla somma tra la media algebrica dei punti ottenuti durante le prove in itinere ed eventuali punti premio. Si precisa che i punti premio non possono concorrere al conseguimento della sufficienza, ma solo aggiunti come premio, appunto.<\/li>\n<\/ul>\n<\/li>\n<li>Chi non superasse le prove in itinere o non fosse soddisfatto dei voti ottenuti, deve ripetere una prova d&#8217;esame inerente tutto il programma del corso ad uno degli appelli d&#8217;esame successivi. Non \u00e8 possibile recuperare solo una parte del corso.<\/li>\n<li>In accordo alle regole di registrazione informatizzata dei voti predisposte dall&#8217;Ateneo, chi ha superato positivamente l&#8217;esame potr\u00e0 rinunciare al voto solo seguendo le procedure automatizzate. In caso contrario, il voto ottenuto sar\u00e0 verbalizzato.<\/li>\n<li>Per partecipare a qualsiasi appello <strong>\u00e8 obbligatorio<\/strong> iscriversi tramite i sistemi informatici preposti ed <strong>entro i termini stabiliti<\/strong>. Il docente non autorizza la partecipazione alla prova d&#8217;esame di studenti che non risultino formalmente iscritti all&#8217;esame.<\/li>\n<li>\u00c8 particolarmente importante che i contatti e-mail e telefonico forniti da ogni studente ai Servizi Generali sia valido e in uso: tutte le variazioni dell&#8217;ultim&#8217;ora relative alle prove d&#8217;esame e la comunicazione dei voti conseguiti verranno infatti comunicate esclusivamente tramite quel contatto. Per un miglior riconoscimento degli studenti, \u00e8 gradito che ciascuno inserisca anche una propria fotografia nel portale.<\/li>\n<li>Chi non abbia superato l&#8217;esame entro l&#8217;ultimo appello di febbraio risulter\u00e0 respinto.<\/li>\n<\/ul>\n<\/div>\n<div class=\"cnt odd\">\n<h2 style=\"text-align: left;\">appelli d&#8217;esame<\/h2>\n<p style=\"text-align: left;\">Si ricorda che \u00e8 necessario attenersi alle modalit\u00e0 d&#8217;esame per partecipare a qualunque prova (in particolare occorre iscriversi tramite i servizi informatici)<\/p>\n<ul>\n<li>La prima prova in itinere \u00e8 <em>obbligatoria<\/em> ed \u00e8 fissata per il giorno <strong>mercoled\u00ec 2 maggio 2018<\/strong> per le ore <strong>16.30<\/strong> in punto in tre aule da 200\/250 posti<\/li>\n<li>La seconda prova in itinere \u00e8 obbligatoria e si svolger\u00e0 il giorno <strong>mercoled\u00ec 20 giugno 2018<\/strong> alle ore <strong>14.15<\/strong> in punto in aule da definirsi<\/li>\n<li>Il primo appello si svolger\u00e0 il giorno <strong>marted\u00ec 3 luglio 2018<\/strong> alle ore <strong>14.15 in punto<\/strong> nelle <strong>aule B.2.1 e B.2.4<\/strong>. <strong>ATTENZIONE:<\/strong> : se la situazione non cambia, per il primo appello estivo \u00e8 previsto uno sciopero del personale docente. Per conoscere le motivazioni e monitorare la situazione in tempo reale, digitate su un motore di ricerca <em>sciopero docenti universitari<\/em><\/li>\n<li>Il secondo appello si svolger\u00e0 il giorno martedi&#8217; <strong>17 luglio 2018<\/strong> alle ore <strong>14.15 in punto<\/strong> in <strong>aula da definirsi<\/strong><\/li>\n<li>Il terzo appello si svolger\u00e0 il giorno <strong>30\u00a0agosto 2018<\/strong> alle ore <strong>14.15 in punto<\/strong> in <strong>aula da definirsi<\/strong><\/li>\n<li>Il quarto appello si svolger\u00e0 il giorno <strong>&#8230; settembre 2018<\/strong> alle ore &#8230; in aula &#8230;<\/li>\n<li>Il quinto e ultimo appello si svolger\u00e0 il giorno <strong>&#8230; febbraio 2019<\/strong> alle ore &#8230; in aula &#8230;<\/li>\n<\/ul>\n<h2>Esiti della prima prova in itinere di Ecologia, 2 Maggio 2018<\/h2>\n<p><img loading=\"lazy\" decoding=\"async\" class=\"alignnone size-full wp-image-1211\" src=\"http:\/\/www.ecologia.polimi.it\/wp-content\/uploads\/slides\/ecologia\/2018\/prima-prova-2018.jpg\" alt=\"\" width=\"747\" height=\"484\" \/><\/p>\n<p>Rapporto tra esiti strettamente sufficienti (>18) e iscritti alla prova (inclusi assenti) = 0.56<\/p>\n<p>Rapporto tra esiti strettamente sufficienti (>18) e presenti alla prova (esclusi assenti) = 0.66<\/p>\n<p>Rapporto tra ammessi alla seconda prova (>8) su presenti alla prova (esclusi assenti) = 0.88<\/p>\n<p><a href=\"http:\/\/www.ecologia.polimi.it\/wp-content\/uploads\/slides\/ecologia\/2018\/Esiti_Prima_Prova_EcoIAT_2018.pdf\n\">Risultati individuali\u00a0della prima prova in itinere<\/a><\/p>\n<\/div>\n<p>[:it]<\/p>\n<div class=\"cnt odd\">\n<h2 class=\"title\" style=\"text-align: left;\">informazioni essenziali<\/h2>\n<ul style=\"text-align: left;\">\n<li>Anno Accademico: 2017\/2018, II semestre<\/li>\n<li>Studenti: Ingegneri Ambientali (II anno)<\/li>\n<li>Crediti: 8 (Codice PoliMI 097705)<\/li>\n<li>Settore Scientifico Disciplinare: <a href=\"http:\/\/www.miur.it\/UserFiles\/116.htm\" rel=\"nofollow\">BIO\/07 &#8211; Ecologia<\/a><\/li>\n<li><em>Lezioni<\/em> a cura di <a href=\"http:\/\/www.ecologia.polimi.it\/casagrandi\" rel=\"nofollow\">Renato Casagrandi<\/a><\/li>\n<li><em>Lezioni invitate<\/em> (Proff. Stefano Caserini e Roberta Bettinetti)<\/li>\n<li><em>Esercitazioni<\/em> a cura di <a href=\"http:\/\/www.deib.polimi.it\/ita\/personale\/dettagli\/757040\" rel=\"nofollow\">Mattia Pancerasa<\/a> e Alba Bernini<\/li>\n<li><em>EcoLAB<\/em> a cura di Rossano Bolpagni, Alba Bernini, Gianni Manfredini e Federica Guerrini<\/li>\n<\/ul>\n<p style=\"text-align: left;\"><a class=\"slider_button\" href=\"\/courses\/ecologia\/documenti\">Scarica le slides e altro materiale<\/a><\/p>\n<\/div>\n<div class=\"cnt even\" style=\"text-align: left;\">\n<h2>orari<\/h2>\n<p>Le <strong>lezioni<\/strong> e le <strong>esercitazioni<\/strong> si svolgono di<\/p>\n<ul>\n<li>Lunedi, generalmente dalle 9.<strong>30<\/strong> alle 12.<strong>30<\/strong> in aula <a href=\"https:\/\/goo.gl\/D5P2Yc\" rel=\"nofollow\">L.26.13<\/a><\/li>\n<li>Marted\u00ec dalle 10.<strong>30<\/strong> alle 12.<strong>30<\/strong> in aula <a href=\"https:\/\/goo.gl\/BTSIOK\" rel=\"nofollow\">D.1.2<\/a><\/li>\n<li>Gioved\u00ec dalle 10.<strong>30<\/strong> alle 12.<strong>30<\/strong> in aula <a href=\"https:\/\/goo.gl\/3t2m3Y\" rel=\"nofollow\">C.E.1<\/a><\/li>\n<\/ul>\n<p>Le attivit\u00e0 di <strong>laboratorio<\/strong> hanno luogo invece della lezione\/esercitazione del <strong>luned\u00ec<\/strong> dalle 09.<strong>30<\/strong> alle 12.<strong>30<\/strong>, generalmente in aula <a href=\"https:\/\/goo.gl\/D5P2Yc\" rel=\"nofollow\">L.26.13<\/a> per i laboratori informatici e in spazi segnalati per tempo per altre attivit\u00e0 sperimentali e di campo.<\/p>\n<\/div>\n<div class=\"cnt odd\" style=\"text-align: left;\">\n<h2>calendario delle attivit\u00e0<\/h2>\n<p><iframe loading=\"lazy\" style=\"border: 0;\" src=\"https:\/\/calendar.google.com\/calendar\/embed?src=fqvm7ealdarurmj9u60kbrqap0%40group.calendar.google.com&amp;ctz=Europe%2FRome\" width=\"800\" height=\"600\" frameborder=\"0\" scrolling=\"no\"><\/iframe><\/p>\n<\/div>\n<div class=\"cnt even\" style=\"text-align: left;\">\n<h2>ricevimento studenti<\/h2>\n<p>Il ricevimento avviene <strong>solo su appuntamento<\/strong>, da richiedere via <a href=\"mailto:?subject=[Appuntamento%20Ecologia-IAT-2018]%20Cognome%20e%20Nome&amp;body=Inserire qui il testo di richiesta dell'appuntamento...\">e-mail<\/a> entro il marted\u00ec della settimana precedente. Gli studenti saranno ricevuti tendenzialmente il gioved\u00ec pomeriggio dalle 13.30 alle 15.30 nell&#8217;ufficio del docente (stanza 233), al secondo piano dell&#8217;Ed. 20, <a href=\"http:\/\/www.deib.polimi.it\" rel=\"nofollow\">Dipartimento di Elettronica, Informazione e Bioingegneria<\/a>. In caso di indisponibilit\u00e0 verr\u00e0 offerta una data alternativa.<\/p>\n<\/div>\n<div class=\"cnt odd\" style=\"text-align: left;\">\n<h2>programma<\/h2>\n<p><strong>parte A<\/strong><\/p>\n<ul>\n<li>Introduzione: scopi e ambiti dell&#8217;ecologia, importanza dell&#8217;approccio ecologico nello studio dei problemi ambientali. Alcuni esempi di problematiche ecologiche di rilevanza internazionale.<\/li>\n<li>Nozioni di biologia di base. Il concetto di ecosistema: analisi di alcuni semplici esempi. Processi fondamentali negli ecosistemi: produzione primaria e secondaria, efficienza ecologica.<\/li>\n<li>Elementi di ecologia delle popolazioni. Crescita maltusiana: parametri demografici significativi e loro stima. Popolazioni strutturate per et\u00e0 o per taglia. Fattori limitanti la crescita di una popolazione: competizione intraspecifica e crescita logistica.<\/li>\n<li>Reti trofiche e piramidi energetiche: approccio funzionalistico allo studio degli ecosistemi<\/li>\n<\/ul>\n<p><strong>parte B<\/strong><\/p>\n<ul>\n<li>Approccio popolazionistico alle interazioni trofiche fra popolazioni. Meccanismi di consumo di risorse limitanti e modelli di predazione. Bioaccumulo e biomagnificazione.<\/li>\n<li>Competizione interspecifica per interferenza e per sfruttamento di risorse comuni.<\/li>\n<li>Principali cicli biogeochimici, elementi di geografia fisica e cambiamento climatico.<\/li>\n<li>Biodiversit\u00e0: indici di misura e gradienti geografici. Biogeografia delle isole e frammentazione degli habitat<\/li>\n<\/ul>\n<\/div>\n<div class=\"cnt even\" style=\"text-align: left;\">\n<h2>Materiale didattico<\/h2>\n<p>I testi di supporto per il corso sono i seguenti:<\/p>\n<ul>\n<li>M. Gatto e R. Casagrandi (2003). <a href=\"http:\/\/olmo.elet.polimi.it\/ecologia\/dispensa\/index.html\" target=\"_blank\" rel=\"nofollow noopener\">Dispense del corso di Ecologia<\/a>. Una copia cartacea delle dispense \u00e8 disponibile presso la copisteria Copy Center di Via Antonio Bazzini 2<\/li>\n<li>R. Casagrandi, G. A. De Leo e M. Gatto (2002). <strong><a href=\"http:\/\/www.catalogo.mcgraw-hill.it\/catLibro.asp?item_id=1260\" target=\"_blank\" rel=\"nofollow noopener\">101 problemi di ecologia<\/a><\/strong>. <a href=\"http:\/\/www.mcgraw-hill.it\/\" target=\"_blank\" rel=\"nofollow noopener\">McGraw Hill<\/a>, (ISBN: 88 386 6041-7). Il libro \u00e8 acquistabile <a href=\"http:\/\/www.ilovebooks.it\/problemi-ecologia-p-2107.html\" rel=\"nofollow\">on demand<\/a>.<\/li>\n<li>Saranno disponibili, aggiornate appena prima di ogni lezione, anche le copie delle <em>slides<\/em> utilizzate in aula. Si vedano gli orari per l&#8217;organizzazione temporale delle lezioni e alla voce <a href=\"http:\/\/www.ecologia.polimi.it\/area-riservata\/ecologia-iat\/\">lucidi<\/a> per i files e gli approfondimenti.<\/li>\n<li>Prototipi di esame: ecco i testi della <a href=\"http:\/\/www.ecologia.polimi.it\/wp-content\/uploads\/data\/pubblica-prima-prova_2017.pdf\">prima<\/a> e della <a href=\"http:\/\/www.ecologia.polimi.it\/wp-content\/uploads\/data\/prototipo_A.pdf\">seconda<\/a> prova in itinere dell&#8217;A.A 2000\/2001<\/li>\n<\/ul>\n<\/div>\n<div class=\"cnt odd\" style=\"text-align: left;\">\n<h2>ecoLAB<\/h2>\n<p>Il materiale e le indicazioni circa lo svolgimento dei laboratori nel corso saranno pubblicati qui<\/p>\n<\/div>\n<div class=\"cnt even\" style=\"text-align: left;\">\n<h2 style=\"text-align: left;\">modalit\u00e0 d&#8217;esame<\/h2>\n<ul>\n<li>Il programma del corso \u00e8 suddiviso in due parti (Parte A e Parte B) ciascuna delle quali consta di lezioni, esercitazioni e laboratori. La prima prova in itinere \u00e8 relativa alla Parte A. La seconda prova in itinere \u00e8 relativa alla Parte B. Ciascuna delle due prove \u00e8 composta di domande riguardanti la teoria presentata a lezione, problemi del tenore di quelli visti ad esercitazione oppure in laboratorio. La prova dura solitamente 2 ore e ha un voto massimo pari a 33.<\/li>\n<li>Sono disponibili <strong>solo durante il corso<\/strong> eventuali altri 2 punti premio per persona assegnati per interventi particolarmente brillanti durante le lezioni a discrezione del docente o dell&#8217;esercitatore. Per ottenere tali punti \u00e8 cruciale inviare una e-mail al docente tramite il seguente <a href=\"mailto:?Subject=[Punto%20Premio%20EcoIAT@PoliMI-2018]%20Cognome%20Nome&amp;body=Inserire qui la lezione durante la quale \u00e8 stato meritato il punto premio e il motivo dell'assegnazione...\">link<\/a> entro <b>due giorni<\/b> dalla lezione aggiungendo al <em>subject<\/em> predisposto il proprio nome e cognome e indicando chiaramente, oltre alla data della lezione, anche il motivo per il quale il punto premio \u00e8 stato assegnato.<\/li>\n<li>Tutte le prove sono <strong>di norma\u00a0<\/strong>scritte e si svolgono senza libri o appunti. Il docente si riserva tuttavia di svolgere la prova integralmente in forma orale, oppure di verificare la preparazione di alcuni studenti, segnatamente di coloro che siano al limite della sufficienza o prossimi alla lode, tramite colloqui orali. In questo caso, gli studenti interessati saranno avvisati all&#8217;atto della comunicazione dei voti.<\/li>\n<li>Per superare l&#8217;esame tramite le prove in itinere \u00e8 necessario ottenere:\n<ul>\n<li>Almeno 8 nella prova relativa alla Parte A<\/li>\n<li>Almeno 8 nella prova relativa alla Parte B<\/li>\n<li>Almeno 18 come punteggio complessivo, risultante dalla somma tra la media algebrica dei punti ottenuti durante le prove in itinere ed eventuali punti premio. Si precisa che i punti premio non possono concorrere al conseguimento della sufficienza, ma solo aggiunti come premio, appunto.<\/li>\n<\/ul>\n<\/li>\n<li>Chi non superasse le prove in itinere o non fosse soddisfatto dei voti ottenuti, deve ripetere una prova d&#8217;esame inerente tutto il programma del corso ad uno degli appelli d&#8217;esame successivi. Non \u00e8 possibile recuperare solo una parte del corso.<\/li>\n<li>In accordo alle regole di registrazione informatizzata dei voti predisposte dall&#8217;Ateneo, chi ha superato positivamente l&#8217;esame potr\u00e0 rinunciare al voto solo seguendo le procedure automatizzate. In caso contrario, il voto ottenuto sar\u00e0 verbalizzato.<\/li>\n<li>Per partecipare a qualsiasi appello <strong>\u00e8 obbligatorio<\/strong> iscriversi tramite i sistemi informatici preposti ed <strong>entro i termini stabiliti<\/strong>. Il docente non autorizza la partecipazione alla prova d&#8217;esame di studenti che non risultino formalmente iscritti all&#8217;esame.<\/li>\n<li>\u00c8 particolarmente importante che i contatti e-mail e telefonico forniti da ogni studente ai Servizi Generali sia valido e in uso: tutte le variazioni dell&#8217;ultim&#8217;ora relative alle prove d&#8217;esame e la comunicazione dei voti conseguiti verranno infatti comunicate esclusivamente tramite quel contatto. Per un miglior riconoscimento degli studenti, \u00e8 gradito che ciascuno inserisca anche una propria fotografia nel portale.<\/li>\n<li>Chi non abbia superato l&#8217;esame entro l&#8217;ultimo appello di febbraio risulter\u00e0 respinto.<\/li>\n<\/ul>\n<\/div>\n<div class=\"cnt odd\">\n<h2 style=\"text-align: left;\">appelli d&#8217;esame<\/h2>\n<p style=\"text-align: left;\">Si ricorda che \u00e8 necessario attenersi alle modalit\u00e0 d&#8217;esame per partecipare a qualunque prova (in particolare occorre iscriversi tramite i servizi informatici)<\/p>\n<ul>\n<li>La prima prova in itinere \u00e8 <em>obbligatoria<\/em> ed \u00e8 fissata per il giorno <strong>mercoled\u00ec 2 maggio 2018<\/strong> per le ore <strong>16.30<\/strong> in punto in tre aule da 200\/250 posti<\/li>\n<li>La seconda prova in itinere \u00e8 obbligatoria e si svolger\u00e0 il giorno <strong>mercoled\u00ec 20 giugno 2018<\/strong> alle ore <strong>14.15<\/strong> in punto in aule da definirsi<\/li>\n<li>Il primo appello si svolger\u00e0 il giorno <strong>marted\u00ec 3 luglio 2018<\/strong> alle ore <strong>14.15 in punto<\/strong> nelle <strong>aule B.2.1 e B.2.4<\/strong>. <strong>ATTENZIONE:<\/strong> : se la situazione non cambia, per il primo appello estivo \u00e8 previsto uno sciopero del personale docente. Per conoscere le motivazioni e monitorare la situazione in tempo reale, digitate su un motore di ricerca <em>sciopero docenti universitari<\/em><\/li>\n<li>Il secondo appello si svolger\u00e0 il giorno martedi&#8217; <strong>17 luglio 2018<\/strong> alle ore <strong>14.15 in punto<\/strong> in <strong>aula da definirsi<\/strong><\/li>\n<li>Il terzo appello si svolger\u00e0 il giorno <strong>30\u00a0agosto 2018<\/strong> alle ore <strong>14.15 in punto<\/strong> in <strong>aula da definirsi<\/strong><\/li>\n<li>Il quarto appello si svolger\u00e0 il giorno <strong>&#8230; settembre 2018<\/strong> alle ore &#8230; in aula &#8230;<\/li>\n<li>Il quinto e ultimo appello si svolger\u00e0 il giorno <strong>&#8230; febbraio 2019<\/strong> alle ore &#8230; in aula &#8230;<\/li>\n<\/ul>\n<\/div>\n<p>[:]<\/p>\n","protected":false},"excerpt":{"rendered":"<p>[:en] informazioni essenziali Anno Accademico: 2017\/2018, II semestre Studenti: Ingegneri Ambientali (II anno) Crediti: 8 (Codice PoliMI 097705) Settore Scientifico Disciplinare: BIO\/07 &#8211; Ecologia Lezioni a cura di Renato Casagrandi Lezioni invitate (Proff. Stefano Caserini e Roberta Bettinetti) Esercitazioni a cura di Mattia Pancerasa e Alba Bernini EcoLAB a cura di Rossano Bolpagni, Alba Bernini,&hellip; <br \/> <a class=\"read-more\" href=\"https:\/\/www.ecologia.polimi.it\/it\/courses\/ecologia-superold\/\">Leggi tutto<\/a><\/p>\n","protected":false},"author":4,"featured_media":0,"parent":1672,"menu_order":0,"comment_status":"closed","ping_status":"closed","template":"","meta":{"two_page_speed":[],"footnotes":""},"class_list":["post-1928","page","type-page","status-publish","hentry"],"_links":{"self":[{"href":"https:\/\/www.ecologia.polimi.it\/it\/wp-json\/wp\/v2\/pages\/1928","targetHints":{"allow":["GET"]}}],"collection":[{"href":"https:\/\/www.ecologia.polimi.it\/it\/wp-json\/wp\/v2\/pages"}],"about":[{"href":"https:\/\/www.ecologia.polimi.it\/it\/wp-json\/wp\/v2\/types\/page"}],"author":[{"embeddable":true,"href":"https:\/\/www.ecologia.polimi.it\/it\/wp-json\/wp\/v2\/users\/4"}],"replies":[{"embeddable":true,"href":"https:\/\/www.ecologia.polimi.it\/it\/wp-json\/wp\/v2\/comments?post=1928"}],"version-history":[{"count":2,"href":"https:\/\/www.ecologia.polimi.it\/it\/wp-json\/wp\/v2\/pages\/1928\/revisions"}],"predecessor-version":[{"id":1981,"href":"https:\/\/www.ecologia.polimi.it\/it\/wp-json\/wp\/v2\/pages\/1928\/revisions\/1981"}],"up":[{"embeddable":true,"href":"https:\/\/www.ecologia.polimi.it\/it\/wp-json\/wp\/v2\/pages\/1672"}],"wp:attachment":[{"href":"https:\/\/www.ecologia.polimi.it\/it\/wp-json\/wp\/v2\/media?parent=1928"}],"curies":[{"name":"wp","href":"https:\/\/api.w.org\/{rel}","templated":true}]}}