{"id":1457,"date":"2026-02-15T17:21:33","date_gmt":"2026-02-15T17:21:33","guid":{"rendered":"http:\/\/www.ecologia.polimi.it\/?page_id=1457"},"modified":"2026-03-02T16:28:05","modified_gmt":"2026-03-02T16:28:05","slug":"ecologia","status":"publish","type":"page","link":"https:\/\/www.ecologia.polimi.it\/it\/courses\/ecologia\/","title":{"rendered":"Ecologia (EcoIAT)"},"content":{"rendered":"<div class=\"cnt odd\">\n<h2 class=\"title\" style=\"text-align: left;\">informazioni essenziali<\/h2>\n<ul style=\"text-align: left;\">\n<li>Anno Accademico: 2025\/2026, II semestre<\/li>\n<li>Studenti: Ingegneri Ambientali (II anno)<\/li>\n<li>Crediti: 8 (Codice PoliMI <a href=\"https:\/\/www4.ceda.polimi.it\/manifesti\/manifesti\/controller\/ManifestoPublic.do?EVN_DETTAGLIO_RIGA_MANIFESTO=evento&amp;k_corso_la=346&amp;k_indir=M1A&amp;idItemOfferta=168350&amp;idRiga=306828&amp;codDescr=054180&amp;semestre=2&amp;aa=2024&amp;lang=IT&amp;jaf_currentWFID=main\" target=\"_blank\" rel=\"noopener\">054180<\/a>)<\/li>\n<li>Settore Scientifico Disciplinare: <a href=\"https:\/\/www.mur.gov.it\/sites\/default\/files\/2024-05\/Decreto%20Ministeriale%20n.%20639%20del%2002-05-2024%20-%20Allegato%20A.pdf\" target=\"_blank\" rel=\"noopener\">BIOS-05\/A Ecologia<\/a> (gi\u00e0 <em>BIO\/07 &#8211; Ecologia<\/em>)<\/li>\n<li><em>Lezioni<\/em> a cura di <a href=\"http:\/\/www.ecologia.polimi.it\/casagrandi\" target=\"_blank\" rel=\"noopener noreferrer\">Renato Casagrandi<\/a><\/li>\n<li><em>Lezioni invitate<\/em> a cura dei Proff. <a href=\"https:\/\/www.researchgate.net\/profile\/Roberta-Bettinetti\" target=\"_blank\" rel=\"noopener noreferrer\">Roberta Bettinetti<\/a>, <a href=\"https:\/\/www.researchgate.net\/profile\/Rossano-Bolpagni\" target=\"_blank\" rel=\"noopener noreferrer\">Rossano Bolpagni<\/a> (e forse, ma TBC, <a href=\"https:\/\/www.climalteranti.it\/info\/stefano-caserini\/\" target=\"_blank\" rel=\"noopener noreferrer\">Stefano Caserini<\/a>)<\/li>\n<li><em>Esercitazioni<\/em> a cura di Raffaele Zappal\u00e0 e Davide Bogani<\/li>\n<li><em>EcoLAB<\/em> a cura di Raffaele Zappal\u00e0<\/li>\n<\/ul>\n<\/div>\n<div class=\"cnt bold\" style=\"text-align: center;\">\n<p style=\"text-align: left;\"><a class=\"slider_button\" style=\"color: white; font-weight: bold;\" href=\"https:\/\/www.ecologia.polimi.it\/courses\/ecologia\/documenti-ecoiat\/\" target=\"_blank\" rel=\"noopener noreferrer\">Scarica le slides e altro materiale<\/a><\/p>\n<\/div>\n<div class=\"cnt even\" style=\"text-align: left;\">\n<h2>orari<\/h2>\n<p>Le <strong>lezioni<\/strong> e le <strong>esercitazioni<\/strong> si svolgono di norma<\/p>\n<ul>\n<li>Luned\u00ec (LEZ\/ESE) dalle 10.<strong>30<\/strong> alle 13.<strong>15<\/strong> in aula <a href=\"https:\/\/aunicalogin.polimi.it\/aunicalogin\/getservizio.xml?id_servizio=343&amp;idaula=21&amp;lang=IT\" target=\"_blank\" rel=\"noopener\">21.S.1<\/a><\/li>\n<li>Marted\u00ec (LEZ\/ESE) dalle 10.<strong>30<\/strong> alle 12.<strong>15<\/strong> in aula <a title=\"Milano Citt\u00e0 Studi - Via Bassini - Edificio 21 - Piano Seminterrato\" href=\"https:\/\/aunicalogin.polimi.it\/aunicalogin\/getservizio.xml?id_servizio=343&amp;idaula=1305&amp;lang=IT\" target=\"_blank\" rel=\"noopener\">25.2.1<\/a><\/li>\n<li>Gioved\u00ec (LEZ\/ESE) dalle 10.<strong>30<\/strong> alle 12.<strong>15 <\/strong>in aula <a href=\"https:\/\/aunicalogin.polimi.it\/aunicalogin\/getservizio.xml?id_servizio=343&amp;idaula=1305&amp;lang=IT\" target=\"_blank\" rel=\"noopener\">25.2.1<\/a><\/li>\n<\/ul>\n<p>Le attivit\u00e0 di <strong>laboratorio<\/strong> avranno luogo in orari e negli spazi segnalati per tempo e ritenuti pi\u00f9 adatti, a seconda delle necessit\u00e0 (in aula, nel laboratorio <a href=\"http:\/\/www.iat.polimi.it\/envlab\" target=\"_blank\" rel=\"noopener\">EnvLAB<\/a> oppure in campo).<\/p>\n<p>&nbsp;<\/p>\n<\/div>\n<div class=\"cnt odd\" style=\"text-align: left;\">\n<h2>calendario delle attivit\u00e0<\/h2>\n<p><iframe loading=\"lazy\" src=\"https:\/\/calendar.google.com\/calendar\/embed?src=4chsis98pf61hm89e8rglmd0t4%40group.calendar.google.com&amp;ctz=Europe%2FRome\" width=\"800\" height=\"600\" frameborder=\"0\" scrolling=\"no\" data-mce-fragment=\"1\"><\/iframe><\/p>\n<\/div>\n<div class=\"cnt even\" style=\"text-align: left;\">\n<h2>ricevimento studenti<\/h2>\n<p>Il ricevimento avviene di norma il <strong>gioved\u00ec dalle 14.00 alle 16.00<\/strong>, ma solo su solo su appuntamento. da richiedere via <a href=\"mailto:?subject=[Appuntamento%20Ecologia-IAT]%20Cognome%20e%20Nome&amp;body=Inserire qui il testo di richiesta dell'appuntamento...\" target=\"_blank\" rel=\"noopener\">e-mail<\/a> entro il mercoled\u00ec della settimana precedente. Gli studenti saranno ricevuti in orario da concordare nell&#8217;<a href=\"https:\/\/politecnicomilano.webex.com\/meet\/renato.casagrandi\" target=\"_blank\" rel=\"noopener noreferrer\">ufficio virtuale del docente<\/a> oppure in quello fisico (stanza 233), al secondo piano dell&#8217;Ed. 20, <a href=\"http:\/\/www.deib.polimi.it\" target=\"_blank\" rel=\"noopener noreferrer\">Dipartimento di Elettronica, Informazione e Bioingegneria<\/a>. In caso di indisponibilit\u00e0, verr\u00e0 offerta una data alternativa.<\/p>\n<\/div>\n<div class=\"cnt odd\" style=\"text-align: left;\">\n<h2>programma del corso<\/h2>\n<p><strong>parte A<\/strong><\/p>\n<ul>\n<li>Introduzione: scopi e ambiti dell&#8217;ecologia, importanza dell&#8217;approccio ecologico nello studio dei problemi ambientali. Alcuni esempi di problematiche ecologiche di rilevanza internazionale.<\/li>\n<li>Nozioni di biologia di base. Il concetto di ecosistema: analisi di alcuni semplici esempi. Processi fondamentali negli ecosistemi: produzione primaria e secondaria, efficienza ecologica.<\/li>\n<li>Elementi di ecologia delle popolazioni. Crescita maltusiana: parametri demografici significativi e loro stima. Popolazioni strutturate per et\u00e0 o per taglia. Fattori limitanti la crescita di una popolazione: competizione intraspecifica e crescita logistica.<\/li>\n<li>Reti trofiche e piramidi energetiche: approccio funzionalistico allo studio degli ecosistemi<\/li>\n<\/ul>\n<p><strong>parte B<\/strong><\/p>\n<ul>\n<li>Approccio popolazionistico alle interazioni trofiche fra popolazioni. Meccanismi di consumo di risorse limitanti e modelli di predazione. Bioaccumulo e biomagnificazione.<\/li>\n<li>Competizione interspecifica per interferenza e per sfruttamento di risorse comuni.<\/li>\n<li>Principali cicli biogeochimici, elementi di geografia fisica e cambiamento climatico.<\/li>\n<li>Biodiversit\u00e0: indici di misura e gradienti geografici. Biogeografia delle isole e frammentazione degli habitat<\/li>\n<\/ul>\n<\/div>\n<div class=\"cnt even\" style=\"text-align: left;\">\n<h2>materiale didattico<\/h2>\n<p>I testi di supporto per il corso sono i seguenti:<\/p>\n<ul>\n<li>M. Gatto e R. Casagrandi (2003). <a href=\"http:\/\/olmo.deib.polimi.it\/ecologia\/dispensa\/index.html\" target=\"_blank\" rel=\"noopener noreferrer\">Dispense del corso di Ecologia<\/a>. Uno dei capitoli delle dispense, per la seconda parte del corso, \u00e8 disponibile <a href=\"http:\/\/www.casagrandi.it\/competizione\/competizione.html\" target=\"_blank\" rel=\"noopener\">qui<\/a>.<\/li>\n<li>Una copia cartacea delle dispense \u00e8 disponibile presso la copisteria &#8230; (per ora sono al <em>Copy Center<\/em> di Via Antonio Bazzini 2)<\/li>\n<li>R. Casagrandi, G. A. De Leo e M. Gatto (2002). <strong><a href=\"http:\/\/www.catalogo.mcgraw-hill.it\/catLibro.asp?item_id=1260\" target=\"_blank\" rel=\"noopener noreferrer\">101 problemi di ecologia<\/a><\/strong>. <a href=\"http:\/\/www.mcgraw-hill.it\/\" target=\"_blank\" rel=\"nofollow noopener noreferrer\">McGraw Hill<\/a>, (ISBN: 88 386 6041-7). Se non lo trovate in libreria, ci sono copie in biblioteca e tra i vecchi compagni di corso<\/li>\n<li>Saranno disponibili e scaricabili dalla pagina dedicata del sito copie delle slides utilizzate in aula, aggiornate solitamente appena prima di ogni lezione<\/li>\n<li>Prototipi di esame (perch\u00e9 solo due? see <em>welcome class<\/em>): ecco i testi della <a href=\"http:\/\/www.ecologia.polimi.it\/wp-content\/uploads\/data\/pubblica-prima-prova_2017.pdf\" target=\"_blank\" rel=\"noopener noreferrer\">prima<\/a> e della <a href=\"http:\/\/www.ecologia.polimi.it\/wp-content\/uploads\/data\/prototipo_B.pdf\" target=\"_blank\" rel=\"noopener noreferrer\">seconda<\/a> prova in itinere dell&#8217;A.A 2000\/2001<\/li>\n<\/ul>\n<\/div>\n<div class=\"cnt odd\" style=\"text-align: left;\">\n<h2>EcoLAB<\/h2>\n<p>Il materiale e le indicazioni circa lo svolgimento dei laboratori durante il corso saranno pubblicati qui<\/p>\n<\/div>\n<div class=\"cnt even\" style=\"text-align: left;\">\n<h2>modalit\u00e0 d&#8217;esame<\/h2>\n<ul>\n<li>Il programma dell&#8217;insegnamento \u00e8 suddiviso in due parti (Parte A e Parte B) ciascuna delle quali consta di lezioni, esercitazioni e laboratori. A meno di impedimenti di ordine superiore (dal 2020 in avanti lo si prepone sempre, ahim\u00e9), si svolgeranno due prove in itinere obbligatorie (in che senso obbligatorie? vedi prima lezione, quando si svolgeranno? si veda calendario delle prove in fondo). La prima prova in itinere \u00e8 solitamente relativa alla sola Parte A del programma (ma vedi calendario, che dipende dalla Pasqua), mentre la seconda prova in itinere \u00e8 relativa alla rimanente parte (solitamente la Parte B). Ciascuna delle due prove \u00e8 composta di domande aperte riguardanti la teoria presentata a lezione, problemi\/esercizi del tenore di quelli visti ad esercitazione oppure in laboratorio, domande a crocette per aspetti puntuali. La prova in presenza dura solitamente 2 ore e ha un voto massimo pari a 30.<\/li>\n<li>L&#8217;insegnamento prevede un Laboratorio intedisciplinare di Demografia, che si svolger\u00e0 assieme all&#8217;insegnamento di Modellistica e Simulazione. La partecipazione pro-attiva a tale laboratorio, se fertile, pu\u00f2 dare adito all&#8217;acquisizione di 2 punti che si sommano al monte premi (30) che si possono conseguire con la prova d&#8217;esame. La frequenza e la partecipazione attiva al laboratorio sono essenziali per la maturazione di questi due punti aggiuntivi, che non possono essere recuperati da chi non prenda parte al laboratorio medesimo. Ulteriori dettagli saranno forniti all&#8217;atto della partecipazione al primo incontro del laboratorio di demografia.<\/li>\n<li>Sono disponibili <strong>solo durante il corso<\/strong> eventuali altri 2 punti premio per persona assegnati per interventi particolarmente brillanti durante le lezioni a discrezione del docente. Per ottenere tali punti \u00e8 cruciale indicarlo tramite questo <a href=\"https:\/\/forms.office.com\/Pages\/ResponsePage.aspx?id=K3EXCvNtXUKAjjCd8ope60ILP7h2nnlLusnrsWTC3lBUQVZLOFVXM1pZNEM3T1JQTVEyRUxLQzk0SiQlQCNjPTEu\" target=\"_blank\" rel=\"noopener\">form<\/a> entro due giorni dall&#8217;ottenimento.<\/li>\n<li>Tutte le prove sono <strong>di norma\u00a0<\/strong>scritte e si svolgono senza libri, appunti, cellulari o altre strumentazioni atte alla memorizzazione di dati. Il docente si riserva di svolgere la prova integralmente in forma orale in caso di opportunit\u00e0 (per esempio, se il numero di iscritti alle prove \u00e8 particolarmente esiguo), oppure di verificare tramite colloquio la preparazione di alcuni studenti in caso di necessit\u00e0 (per esempio quando il docente fatichi a discriminare tra la sufficienza e l&#8217;insufficienza oppure tra assegnare o meno la lode). In questi casi, gli studenti interessati saranno avvisati prima della prova d&#8217;esame oppure all&#8217;atto della comunicazione dei voti per la parte scritta. Non \u00e8 prevista prova orale su proposta degli studenti per incrementare il voto o simili.<\/li>\n<li>Per superare l&#8217;esame tramite le prove in itinere \u00e8 necessario ottenere:\n<ul>\n<li>Almeno 8 punti su 30 nella prova relativa alla Parte A<\/li>\n<li>Almeno 8 punti su 30 nella prova relativa alla Parte B<\/li>\n<li>Almeno 18 punti su 30 come punteggio complessivo, risultante dalla somma tra la media algebrica dei punti ottenuti durante le prove in itinere, i punti conseguiti tramite il laboratorio di demografia ed eventuali punti premio. Si precisa che, mentre i punti acquisiti durante il laboratorio di demografia possono concorrere al conseguimento della sufficienza, i punti premio acquisiti altrimenti possono solo essere aggiunti come premio, appunto, ai soli studenti gi\u00e0 sufficienti.<\/li>\n<\/ul>\n<\/li>\n<li>Chi non superasse le prove in itinere oppure non fosse soddisfatto di uno dei voti ottenuti tramite le prove, dovr\u00e0 ripetere integralmente l&#8217;esame inerente tutto il programma dell&#8217;insegnamento in uno degli appelli successivi. Non \u00e8 possibile recuperare solo una parte delle prove in itinere.<\/li>\n<li>In accordo alle regole di registrazione informatizzata dei voti predisposte dall&#8217;Ateneo, chi ha superato positivamente l&#8217;esame potr\u00e0 rinunciare al voto esclusivamente tramite le procedure automatizzate (si vedano i Servizi Online). In caso contrario, il voto ottenuto sar\u00e0 verbalizzato.<\/li>\n<li>Per partecipare a qualsiasi appello \u00e8 obbligatorio iscriversi tramite i sistemi informatici preposti ed entro i termini prefissati. Il docente non autorizza la partecipazione alla prova d&#8217;esame di studenti che non risultino formalmente iscritti all&#8217;esame (<em>dura lex, sed lex<\/em>).<\/li>\n<li>Nel malaugurato (e realmente scongiurato) caso che, per cause di forza maggiore imputabili ad emergenze di qualunque natura, si sia tutti (docenti e studenti) forzati a sostenere le prove in itinere o di esame da remoto, la prova consister\u00e0 di norma in un colloquio orale (intervista\/interrogazione), anche con svolgimento di esercizi, da sostenersi attraverso la piattaforma Zoom o altri strumenti telematici che verranno comunicati al pi\u00f9 presto dal docente.<\/li>\n<li>\u00c8 particolarmente importante che i contatti e-mail e telefonici forniti da ogni studente ai Servizi Generali siano validi e in uso. Tutte le variazioni dell&#8217;ultim&#8217;ora relative alle prove d&#8217;esame e le comunicazioni dei voti conseguiti verranno infatti inviate esclusivamente tramite quei contatti. Per un opportuno riconoscimento degli studenti, \u00e8 inoltre richiesto che ciascuno inserisca anche una propria fotografia nella propria sezione riservata dei Servizi Online.<\/li>\n<li>Chi non abbia superato l&#8217;esame entro l&#8217;ultimo appello di febbraio risulter\u00e0 respinto.<\/li>\n<\/ul>\n<\/div>\n<div class=\"cnt odd\">\n<h2 style=\"text-align: left;\">appelli d&#8217;esame<\/h2>\n<p style=\"text-align: left;\">Si ricorda che \u00e8 necessario attenersi alle modalit\u00e0 d&#8217;esame per partecipare a qualunque prova (in particolare occorre iscriversi tramite i servizi informatici)<\/p>\n<ul>\n<li style=\"text-align: left;\">La prima prova in itinere si svolger\u00e0 il giorno <strong>venerd\u00ec 17 aprile 2026 <\/strong>alle ore <strong>16.00<\/strong> (?) precise in <strong>aule da definirsi<\/strong><\/li>\n<li style=\"text-align: left;\">La seconda prova in itinere si svolger\u00e0 il giorno <strong>26 giugno 2026<\/strong>\u00a0alle ore <strong>08.30<\/strong> precise in <strong>aula da definirsi<\/strong><\/li>\n<li style=\"text-align: left;\">Il secondoappello si svolger\u00e0 il giorno <strong>10 luglio 2026<\/strong>\u00a0alle ore <strong>11.30<\/strong> precise in <strong>aula da definirsi<\/strong><\/li>\n<li style=\"text-align: left;\">Il terzoappello si svolger\u00e0 il giorno <strong>24 luglio 2026<\/strong>\u00a0alle ore <strong>11.30<\/strong> precise in <strong>aula da definirsi<\/strong><\/li>\n<li style=\"text-align: left;\">Il quarto appello si svolger\u00e0 il giorno <strong>11 settembre 2026<\/strong>\u00a0alle ore <strong>08.30<\/strong> precise in <strong>aula da definirsi<\/strong><\/li>\n<li style=\"text-align: left;\">Il quinto e il sesto appello si svolgeranno nei giorni <strong>&#8230; gennaio\/febbraio 2027<\/strong> alle ore <strong>&#8230;<\/strong> in punto in <strong>aula da definirsi<\/strong><\/li>\n<\/ul>\n<\/div>\n","protected":false},"excerpt":{"rendered":"<p>informazioni essenziali Anno Accademico: 2025\/2026, II semestre Studenti: Ingegneri Ambientali (II anno) Crediti: 8 (Codice PoliMI 054180) Settore Scientifico Disciplinare: BIOS-05\/A Ecologia (gi\u00e0 BIO\/07 &#8211; Ecologia) Lezioni a cura di Renato Casagrandi Lezioni invitate a cura dei Proff. Roberta Bettinetti, Rossano Bolpagni (e forse, ma TBC, Stefano Caserini) Esercitazioni a cura di Raffaele Zappal\u00e0 e&hellip; <br \/> <a class=\"read-more\" href=\"https:\/\/www.ecologia.polimi.it\/it\/courses\/ecologia\/\">Leggi tutto<\/a><\/p>","protected":false},"author":4,"featured_media":0,"parent":1672,"menu_order":0,"comment_status":"closed","ping_status":"closed","template":"","meta":{"two_page_speed":[],"footnotes":""},"class_list":["post-1457","page","type-page","status-publish","hentry"],"_links":{"self":[{"href":"https:\/\/www.ecologia.polimi.it\/it\/wp-json\/wp\/v2\/pages\/1457","targetHints":{"allow":["GET"]}}],"collection":[{"href":"https:\/\/www.ecologia.polimi.it\/it\/wp-json\/wp\/v2\/pages"}],"about":[{"href":"https:\/\/www.ecologia.polimi.it\/it\/wp-json\/wp\/v2\/types\/page"}],"author":[{"embeddable":true,"href":"https:\/\/www.ecologia.polimi.it\/it\/wp-json\/wp\/v2\/users\/4"}],"replies":[{"embeddable":true,"href":"https:\/\/www.ecologia.polimi.it\/it\/wp-json\/wp\/v2\/comments?post=1457"}],"version-history":[{"count":91,"href":"https:\/\/www.ecologia.polimi.it\/it\/wp-json\/wp\/v2\/pages\/1457\/revisions"}],"predecessor-version":[{"id":4467,"href":"https:\/\/www.ecologia.polimi.it\/it\/wp-json\/wp\/v2\/pages\/1457\/revisions\/4467"}],"up":[{"embeddable":true,"href":"https:\/\/www.ecologia.polimi.it\/it\/wp-json\/wp\/v2\/pages\/1672"}],"wp:attachment":[{"href":"https:\/\/www.ecologia.polimi.it\/it\/wp-json\/wp\/v2\/media?parent=1457"}],"curies":[{"name":"wp","href":"https:\/\/api.w.org\/{rel}","templated":true}]}}